{"id":17900,"date":"2026-02-25T14:47:08","date_gmt":"2026-02-25T13:47:08","guid":{"rendered":"https:\/\/baby-delux.de\/?post_type=product&#038;p=17900"},"modified":"2026-02-25T14:48:56","modified_gmt":"2026-02-25T13:48:56","slug":"babybett-organizer-betttasche-gaertner-rosa","status":"publish","type":"product","link":"https:\/\/baby-delux.de\/index.php\/product\/babybett-organizer-betttasche-gaertner-rosa\/","title":{"rendered":"Babybett Organizer Betttasche G\u00e4rtner rosa"},"content":{"rendered":"<p><strong>Praktische und stilvolle Betttasche\/ Organizer f\u00fcr Babybett und Kinderbett \u2013 Ihr perfekter Helfer im Alltag<\/strong><\/p>\n<p>Mit unserer hochwertigen Betttasche f\u00fcr Babybetten und Kinderbetten haben Sie immer alles griffbereit, was Ihr Baby braucht. Egal ob Schnuller, Spielzeug, Pflegeprodukte, Windeln oder andere wichtige Accessoires \u2013 dank der durchdachten Aufteilung in 6 ger\u00e4umigen F\u00e4chern ist Ordnung ein Kinderspiel.<\/p>\n<p>Die Betttasche besteht aus 100%\u00a0 Baumwolle und einer antiallergischen Polyesterf\u00fcllung. Mit ihren Ma\u00dfen von 60 x 60 cm bietet sie gro\u00dfz\u00fcgigen Stauraum, ohne dabei zu viel Platz einzunehmen.<\/p>\n<p>Das tolle Kindermotiv verleiht der Betttasche eine niedliche und stilvolle Optik. Das macht sie nicht nur praktisch, sondern auch zu einem echten Blickfang im Kinderzimmer. Die einfache Befestigung durch B\u00e4nder sorgt daf\u00fcr, dass die Tasche sicher am Babybett oder Kinderbett fixiert werden kann \u2013 ganz ohne Rutschen oder Verrutschen.<\/p>\n<p>Dank ihrer vielseitigen Einsatzm\u00f6glichkeiten ist diese Spielzeugtasche der ideale Aufbewahrungsort f\u00fcr alle kleinen Dinge, die Sie in der N\u00e4he Ihres Babys haben m\u00f6chten. Sie hilft Ihnen, den Alltag stressfrei und organisiert zu gestalten.<\/p>\n","protected":false},"excerpt":{"rendered":"<ul>\n<li><strong>Babybett Organizer Betttasche<\/strong><\/li>\n<li><strong>Ma\u00dfe: <\/strong>ca. 60&#215;60 cm<\/li>\n<li><b>Material: <\/b>100% Baumwolle, antiallergische Polyesterf\u00fcllung<\/li>\n<li><strong>F\u00e4cher:<\/strong> 6 F\u00e4cher f\u00fcr Aufbewahrung<\/li>\n<li><strong>Befestigung:<\/strong> Bindeb\u00e4nder<\/li>\n<li><strong>Herstellung: <\/strong>hergestellt in h\u00f6chster Qualit\u00e4t, Standard und Sorgfalt in der EU<\/li>\n<li><strong>Pflege: <\/strong>waschbar bei 40\u00b0 Grad<\/li>\n<li><strong class=\"Yjhzub\" data-processed=\"true\">Muster\/Schnitt kann variieren<\/strong><\/li>\n<\/ul>\n","protected":false},"featured_media":17901,"comment_status":"closed","ping_status":"closed","template":"","meta":[],"product_brand":[],"product_cat":[557,106],"product_tag":[],"class_list":{"0":"post-17900","1":"product","2":"type-product","3":"status-publish","4":"has-post-thumbnail","6":"product_cat-bett-organizer","7":"product_cat-sale","9":"first","10":"instock","11":"sale","12":"taxable","13":"shipping-taxable","14":"purchasable","15":"product-type-simple"},"yoast_head":"<!-- This site is optimized with the Yoast SEO plugin v27.5 - https:\/\/yoast.com\/product\/yoast-seo-wordpress\/ -->\n<title>Babybett Organizer Betttasche G\u00e4rtner rosa - Baby-Delux | Premium Babyausstattung - Schnelle Lieferung &amp; Top Qualit\u00e4t<\/title>\n<meta name=\"description\" content=\"Praktische Betttasche f\u00fcr Babybett &amp; Kinderbett mit 6 F\u00e4chern. Aus 100 % Baumwolle, antiallergisch gef\u00fcllt, mit Stickerei und Bindeb\u00e4ndern. Ideal f\u00fcr Schnuller, Spielzeug &amp; Pflegeprodukte.\" \/>\n<meta name=\"robots\" content=\"index, follow, max-snippet:-1, max-image-preview:large, max-video-preview:-1\" \/>\n<link rel=\"canonical\" href=\"https:\/\/baby-delux.de\/index.php\/product\/babybett-organizer-betttasche-gaertner-rosa\/\" \/>\n<meta property=\"og:locale\" content=\"de_DE\" \/>\n<meta property=\"og:type\" content=\"article\" \/>\n<meta property=\"og:title\" content=\"Babybett Organizer Betttasche G\u00e4rtner rosa - Baby-Delux | Premium Babyausstattung - Schnelle Lieferung &amp; Top Qualit\u00e4t\" \/>\n<meta property=\"og:description\" content=\"Praktische Betttasche f\u00fcr Babybett &amp; Kinderbett mit 6 F\u00e4chern. Aus 100 % Baumwolle, antiallergisch gef\u00fcllt, mit Stickerei und Bindeb\u00e4ndern. Ideal f\u00fcr Schnuller, Spielzeug &amp; Pflegeprodukte.\" \/>\n<meta property=\"og:url\" content=\"https:\/\/baby-delux.de\/index.php\/product\/babybett-organizer-betttasche-gaertner-rosa\/\" \/>\n<meta property=\"og:site_name\" content=\"Baby-Delux | Premium Babyausstattung - Schnelle Lieferung &amp; Top Qualit\u00e4t\" \/>\n<meta property=\"article:modified_time\" content=\"2026-02-25T13:48:56+00:00\" \/>\n<meta property=\"og:image\" content=\"https:\/\/baby-delux.de\/wp-content\/uploads\/2026\/02\/betttasche-gaertner-rosa.jpg\" \/>\n\t<meta property=\"og:image:width\" content=\"2200\" \/>\n\t<meta property=\"og:image:height\" content=\"2200\" \/>\n\t<meta property=\"og:image:type\" content=\"image\/jpeg\" \/>\n<meta name=\"twitter:card\" content=\"summary_large_image\" \/>\n<meta name=\"twitter:label1\" content=\"Gesch\u00e4tzte Lesezeit\" \/>\n\t<meta name=\"twitter:data1\" content=\"2\u00a0Minuten\" \/>\n<script type=\"application\/ld+json\" class=\"yoast-schema-graph\">{\"@context\":\"https:\\\/\\\/schema.org\",\"@graph\":[{\"@type\":\"WebPage\",\"@id\":\"https:\\\/\\\/baby-delux.de\\\/index.php\\\/product\\\/babybett-organizer-betttasche-gaertner-rosa\\\/\",\"url\":\"https:\\\/\\\/baby-delux.de\\\/index.php\\\/product\\\/babybett-organizer-betttasche-gaertner-rosa\\\/\",\"name\":\"Babybett Organizer Betttasche G\u00e4rtner rosa - Baby-Delux | Premium Babyausstattung - Schnelle Lieferung &amp; Top Qualit\u00e4t\",\"isPartOf\":{\"@id\":\"https:\\\/\\\/baby-delux.de\\\/#website\"},\"primaryImageOfPage\":{\"@id\":\"https:\\\/\\\/baby-delux.de\\\/index.php\\\/product\\\/babybett-organizer-betttasche-gaertner-rosa\\\/#primaryimage\"},\"image\":{\"@id\":\"https:\\\/\\\/baby-delux.de\\\/index.php\\\/product\\\/babybett-organizer-betttasche-gaertner-rosa\\\/#primaryimage\"},\"thumbnailUrl\":\"https:\\\/\\\/baby-delux.de\\\/wp-content\\\/uploads\\\/2026\\\/02\\\/betttasche-gaertner-rosa.jpg\",\"datePublished\":\"2026-02-25T13:47:08+00:00\",\"dateModified\":\"2026-02-25T13:48:56+00:00\",\"description\":\"Praktische Betttasche f\u00fcr Babybett & Kinderbett mit 6 F\u00e4chern. Aus 100 % Baumwolle, antiallergisch gef\u00fcllt, mit Stickerei und Bindeb\u00e4ndern. Ideal f\u00fcr Schnuller, Spielzeug & Pflegeprodukte.\",\"breadcrumb\":{\"@id\":\"https:\\\/\\\/baby-delux.de\\\/index.php\\\/product\\\/babybett-organizer-betttasche-gaertner-rosa\\\/#breadcrumb\"},\"inLanguage\":\"de\",\"potentialAction\":[{\"@type\":\"ReadAction\",\"target\":[\"https:\\\/\\\/baby-delux.de\\\/index.php\\\/product\\\/babybett-organizer-betttasche-gaertner-rosa\\\/\"]}]},{\"@type\":\"ImageObject\",\"inLanguage\":\"de\",\"@id\":\"https:\\\/\\\/baby-delux.de\\\/index.php\\\/product\\\/babybett-organizer-betttasche-gaertner-rosa\\\/#primaryimage\",\"url\":\"https:\\\/\\\/baby-delux.de\\\/wp-content\\\/uploads\\\/2026\\\/02\\\/betttasche-gaertner-rosa.jpg\",\"contentUrl\":\"https:\\\/\\\/baby-delux.de\\\/wp-content\\\/uploads\\\/2026\\\/02\\\/betttasche-gaertner-rosa.jpg\",\"width\":2200,\"height\":2200},{\"@type\":\"BreadcrumbList\",\"@id\":\"https:\\\/\\\/baby-delux.de\\\/index.php\\\/product\\\/babybett-organizer-betttasche-gaertner-rosa\\\/#breadcrumb\",\"itemListElement\":[{\"@type\":\"ListItem\",\"position\":1,\"name\":\"Strona g\u0142\u00f3wna\",\"item\":\"https:\\\/\\\/baby-delux.de\\\/\"},{\"@type\":\"ListItem\",\"position\":2,\"name\":\"Shop\",\"item\":\"https:\\\/\\\/baby-delux.de\\\/index.php\\\/shop\\\/\"},{\"@type\":\"ListItem\",\"position\":3,\"name\":\"Babybett Organizer Betttasche G\u00e4rtner rosa\"}]},{\"@type\":\"WebSite\",\"@id\":\"https:\\\/\\\/baby-delux.de\\\/#website\",\"url\":\"https:\\\/\\\/baby-delux.de\\\/\",\"name\":\"Baby-Delux | Premium Babyausstattung - Schnelle Lieferung & Top Qualit\u00e4t\",\"description\":\"\",\"publisher\":{\"@id\":\"https:\\\/\\\/baby-delux.de\\\/#organization\"},\"potentialAction\":[{\"@type\":\"SearchAction\",\"target\":{\"@type\":\"EntryPoint\",\"urlTemplate\":\"https:\\\/\\\/baby-delux.de\\\/?s={search_term_string}\"},\"query-input\":{\"@type\":\"PropertyValueSpecification\",\"valueRequired\":true,\"valueName\":\"search_term_string\"}}],\"inLanguage\":\"de\"},{\"@type\":\"Organization\",\"@id\":\"https:\\\/\\\/baby-delux.de\\\/#organization\",\"name\":\"Baby-Delux | Premium Babyausstattung - Schnelle Lieferung & Top Qualit\u00e4t\",\"url\":\"https:\\\/\\\/baby-delux.de\\\/\",\"logo\":{\"@type\":\"ImageObject\",\"inLanguage\":\"de\",\"@id\":\"https:\\\/\\\/baby-delux.de\\\/#\\\/schema\\\/logo\\\/image\\\/\",\"url\":\"https:\\\/\\\/baby-delux.de\\\/wp-content\\\/uploads\\\/2023\\\/10\\\/logo_Baby-Delux-de-fixfix-01.png\",\"contentUrl\":\"https:\\\/\\\/baby-delux.de\\\/wp-content\\\/uploads\\\/2023\\\/10\\\/logo_Baby-Delux-de-fixfix-01.png\",\"width\":475,\"height\":166,\"caption\":\"Baby-Delux | Premium Babyausstattung - Schnelle Lieferung & Top Qualit\u00e4t\"},\"image\":{\"@id\":\"https:\\\/\\\/baby-delux.de\\\/#\\\/schema\\\/logo\\\/image\\\/\"}}]}<\/script>\n<!-- \/ Yoast SEO plugin. -->","yoast_head_json":{"title":"Babybett Organizer Betttasche G\u00e4rtner rosa - Baby-Delux | Premium Babyausstattung - Schnelle Lieferung &amp; Top Qualit\u00e4t","description":"Praktische Betttasche f\u00fcr Babybett & Kinderbett mit 6 F\u00e4chern. Aus 100 % Baumwolle, antiallergisch gef\u00fcllt, mit Stickerei und Bindeb\u00e4ndern. Ideal f\u00fcr Schnuller, Spielzeug & Pflegeprodukte.","robots":{"index":"index","follow":"follow","max-snippet":"max-snippet:-1","max-image-preview":"max-image-preview:large","max-video-preview":"max-video-preview:-1"},"canonical":"https:\/\/baby-delux.de\/index.php\/product\/babybett-organizer-betttasche-gaertner-rosa\/","og_locale":"de_DE","og_type":"article","og_title":"Babybett Organizer Betttasche G\u00e4rtner rosa - Baby-Delux | Premium Babyausstattung - Schnelle Lieferung &amp; Top Qualit\u00e4t","og_description":"Praktische Betttasche f\u00fcr Babybett & Kinderbett mit 6 F\u00e4chern. Aus 100 % Baumwolle, antiallergisch gef\u00fcllt, mit Stickerei und Bindeb\u00e4ndern. Ideal f\u00fcr Schnuller, Spielzeug & Pflegeprodukte.","og_url":"https:\/\/baby-delux.de\/index.php\/product\/babybett-organizer-betttasche-gaertner-rosa\/","og_site_name":"Baby-Delux | Premium Babyausstattung - Schnelle Lieferung &amp; Top Qualit\u00e4t","article_modified_time":"2026-02-25T13:48:56+00:00","og_image":[{"width":2200,"height":2200,"url":"https:\/\/baby-delux.de\/wp-content\/uploads\/2026\/02\/betttasche-gaertner-rosa.jpg","type":"image\/jpeg"}],"twitter_card":"summary_large_image","twitter_misc":{"Gesch\u00e4tzte Lesezeit":"2\u00a0Minuten"},"schema":{"@context":"https:\/\/schema.org","@graph":[{"@type":"WebPage","@id":"https:\/\/baby-delux.de\/index.php\/product\/babybett-organizer-betttasche-gaertner-rosa\/","url":"https:\/\/baby-delux.de\/index.php\/product\/babybett-organizer-betttasche-gaertner-rosa\/","name":"Babybett Organizer Betttasche G\u00e4rtner rosa - Baby-Delux | Premium Babyausstattung - Schnelle Lieferung &amp; Top Qualit\u00e4t","isPartOf":{"@id":"https:\/\/baby-delux.de\/#website"},"primaryImageOfPage":{"@id":"https:\/\/baby-delux.de\/index.php\/product\/babybett-organizer-betttasche-gaertner-rosa\/#primaryimage"},"image":{"@id":"https:\/\/baby-delux.de\/index.php\/product\/babybett-organizer-betttasche-gaertner-rosa\/#primaryimage"},"thumbnailUrl":"https:\/\/baby-delux.de\/wp-content\/uploads\/2026\/02\/betttasche-gaertner-rosa.jpg","datePublished":"2026-02-25T13:47:08+00:00","dateModified":"2026-02-25T13:48:56+00:00","description":"Praktische Betttasche f\u00fcr Babybett & Kinderbett mit 6 F\u00e4chern. Aus 100 % Baumwolle, antiallergisch gef\u00fcllt, mit Stickerei und Bindeb\u00e4ndern. Ideal f\u00fcr Schnuller, Spielzeug & Pflegeprodukte.","breadcrumb":{"@id":"https:\/\/baby-delux.de\/index.php\/product\/babybett-organizer-betttasche-gaertner-rosa\/#breadcrumb"},"inLanguage":"de","potentialAction":[{"@type":"ReadAction","target":["https:\/\/baby-delux.de\/index.php\/product\/babybett-organizer-betttasche-gaertner-rosa\/"]}]},{"@type":"ImageObject","inLanguage":"de","@id":"https:\/\/baby-delux.de\/index.php\/product\/babybett-organizer-betttasche-gaertner-rosa\/#primaryimage","url":"https:\/\/baby-delux.de\/wp-content\/uploads\/2026\/02\/betttasche-gaertner-rosa.jpg","contentUrl":"https:\/\/baby-delux.de\/wp-content\/uploads\/2026\/02\/betttasche-gaertner-rosa.jpg","width":2200,"height":2200},{"@type":"BreadcrumbList","@id":"https:\/\/baby-delux.de\/index.php\/product\/babybett-organizer-betttasche-gaertner-rosa\/#breadcrumb","itemListElement":[{"@type":"ListItem","position":1,"name":"Strona g\u0142\u00f3wna","item":"https:\/\/baby-delux.de\/"},{"@type":"ListItem","position":2,"name":"Shop","item":"https:\/\/baby-delux.de\/index.php\/shop\/"},{"@type":"ListItem","position":3,"name":"Babybett Organizer Betttasche G\u00e4rtner rosa"}]},{"@type":"WebSite","@id":"https:\/\/baby-delux.de\/#website","url":"https:\/\/baby-delux.de\/","name":"Baby-Delux | Premium Babyausstattung - Schnelle Lieferung & Top Qualit\u00e4t","description":"","publisher":{"@id":"https:\/\/baby-delux.de\/#organization"},"potentialAction":[{"@type":"SearchAction","target":{"@type":"EntryPoint","urlTemplate":"https:\/\/baby-delux.de\/?s={search_term_string}"},"query-input":{"@type":"PropertyValueSpecification","valueRequired":true,"valueName":"search_term_string"}}],"inLanguage":"de"},{"@type":"Organization","@id":"https:\/\/baby-delux.de\/#organization","name":"Baby-Delux | Premium Babyausstattung - Schnelle Lieferung & Top Qualit\u00e4t","url":"https:\/\/baby-delux.de\/","logo":{"@type":"ImageObject","inLanguage":"de","@id":"https:\/\/baby-delux.de\/#\/schema\/logo\/image\/","url":"https:\/\/baby-delux.de\/wp-content\/uploads\/2023\/10\/logo_Baby-Delux-de-fixfix-01.png","contentUrl":"https:\/\/baby-delux.de\/wp-content\/uploads\/2023\/10\/logo_Baby-Delux-de-fixfix-01.png","width":475,"height":166,"caption":"Baby-Delux | Premium Babyausstattung - Schnelle Lieferung & Top Qualit\u00e4t"},"image":{"@id":"https:\/\/baby-delux.de\/#\/schema\/logo\/image\/"}}]}},"_links":{"self":[{"href":"https:\/\/baby-delux.de\/index.php\/wp-json\/wp\/v2\/product\/17900","targetHints":{"allow":["GET"]}}],"collection":[{"href":"https:\/\/baby-delux.de\/index.php\/wp-json\/wp\/v2\/product"}],"about":[{"href":"https:\/\/baby-delux.de\/index.php\/wp-json\/wp\/v2\/types\/product"}],"replies":[{"embeddable":true,"href":"https:\/\/baby-delux.de\/index.php\/wp-json\/wp\/v2\/comments?post=17900"}],"wp:featuredmedia":[{"embeddable":true,"href":"https:\/\/baby-delux.de\/index.php\/wp-json\/wp\/v2\/media\/17901"}],"wp:attachment":[{"href":"https:\/\/baby-delux.de\/index.php\/wp-json\/wp\/v2\/media?parent=17900"}],"wp:term":[{"taxonomy":"product_brand","embeddable":true,"href":"https:\/\/baby-delux.de\/index.php\/wp-json\/wp\/v2\/product_brand?post=17900"},{"taxonomy":"product_cat","embeddable":true,"href":"https:\/\/baby-delux.de\/index.php\/wp-json\/wp\/v2\/product_cat?post=17900"},{"taxonomy":"product_tag","embeddable":true,"href":"https:\/\/baby-delux.de\/index.php\/wp-json\/wp\/v2\/product_tag?post=17900"}],"curies":[{"name":"wp","href":"https:\/\/api.w.org\/{rel}","templated":true}]}}